{"id":4400,"date":"2021-10-12T15:51:09","date_gmt":"2021-10-12T15:51:09","guid":{"rendered":"http:\/\/dummy.xtemos.com\/woodmart2\/elementor\/?page_id=4400"},"modified":"2025-03-12T19:46:56","modified_gmt":"2025-03-12T19:46:56","slug":"apie-mus","status":"publish","type":"page","link":"https:\/\/corest-bike.com\/lv\/apie-mus\/","title":{"rendered":"Par mums"},"content":{"rendered":"<div data-elementor-type=\"wp-page\" data-elementor-id=\"4400\" class=\"elementor elementor-4400\">\n\t\t\t\t<div class=\"elementor-element elementor-element-70286c1b wd-section-stretch e-flex e-con-boxed e-con e-parent\" data-id=\"70286c1b\" data-element_type=\"container\" data-settings=\"{&quot;background_background&quot;:&quot;classic&quot;}\">\n\t\t\t\t\t<div class=\"e-con-inner\">\n\t\t\t\t<div class=\"elementor-element elementor-element-251fbcf5 elementor-widget elementor-widget-wd_image_or_svg\" data-id=\"251fbcf5\" data-element_type=\"widget\" data-widget_type=\"wd_image_or_svg.default\">\n\t\t\t\t<div class=\"elementor-widget-container\">\n\t\t\t\t\t\n\t\t<div class=\"wd-image text-left\">\n\t\t\t\t\t\t\t\t<img decoding=\"async\" width=\"90\" height=\"77\" src=\"https:\/\/corest-bike.com\/wp-content\/uploads\/2025\/02\/Vector-90x77.png\" class=\"attachment-90x77 size-90x77\" alt=\"\" srcset=\"https:\/\/corest-bike.com\/wp-content\/uploads\/2025\/02\/Vector-90x77.png 90w, https:\/\/corest-bike.com\/wp-content\/uploads\/2025\/02\/Vector-150x128.png 150w, https:\/\/corest-bike.com\/wp-content\/uploads\/2025\/02\/Vector.png 180w\" sizes=\"(max-width: 90px) 100vw, 90px\" \/>\t\t\t\t\t<\/div>\n\n\t\t\t\t\t\t<\/div>\n\t\t\t\t<\/div>\n\t\t\t\t<div class=\"elementor-element elementor-element-4ca71a82 wd-width-100 elementor-widget elementor-widget-wd_title\" data-id=\"4ca71a82\" data-element_type=\"widget\" data-widget_type=\"wd_title.default\">\n\t\t\t\t<div class=\"elementor-widget-container\">\n\t\t\t\t\t\t\t<div class=\"title-wrapper wd-set-mb reset-last-child wd-title-color-default wd-title-style-default wd-title-size-default text-left\">\n\n\t\t\t\n\t\t\t<div class=\"liner-continer\">\n\t\t\t\t<h4 class=\"woodmart-title-container title wd-fontsize-l\">75 gadu pieredze<br \/>\nvelosip\u0113du nozar\u0113<\/h4> \n\t\t\t\t\t\t\t<\/div>\n\n\t\t\t\t\t<\/div>\n\t\t\t\t\t\t<\/div>\n\t\t\t\t<\/div>\n\t\t\t\t<div class=\"elementor-element elementor-element-5512f940 elementor-widget elementor-widget-spacer\" data-id=\"5512f940\" data-element_type=\"widget\" data-widget_type=\"spacer.default\">\n\t\t\t\t<div class=\"elementor-widget-container\">\n\t\t\t\t\t\t\t<div class=\"elementor-spacer\">\n\t\t\t<div class=\"elementor-spacer-inner\"><\/div>\n\t\t<\/div>\n\t\t\t\t\t\t<\/div>\n\t\t\t\t<\/div>\n\t\t\t\t\t<\/div>\n\t\t\t\t<\/div>\n\t\t<div class=\"elementor-element elementor-element-3c15459 e-con-full wd-section-stretch e-flex e-con e-parent\" data-id=\"3c15459\" data-element_type=\"container\">\n\t\t\t\t<div class=\"elementor-element elementor-element-fb1671d elementor-absolute elementor-hidden-tablet elementor-hidden-mobile elementor-widget elementor-widget-image\" data-id=\"fb1671d\" data-element_type=\"widget\" data-settings=\"{&quot;_position&quot;:&quot;absolute&quot;}\" data-widget_type=\"image.default\">\n\t\t\t\t<div class=\"elementor-widget-container\">\n\t\t\t\t\t\t\t\t\t\t\t\t\t\t\t<img decoding=\"async\" src=\"https:\/\/corest-bike.com\/wp-content\/uploads\/elementor\/thumbs\/Layer_1-1-295x552-1-r20tqutrsqy2jwj366dg871z6gmnx05wap9hd99lhs.png\" title=\"Layer_1-1-295&#215;552-1\" alt=\"Layer_1-1-295x552-1\" loading=\"lazy\" \/>\t\t\t\t\t\t\t\t\t\t\t\t\t\t\t<\/div>\n\t\t\t\t<\/div>\n\t\t\t\t<\/div>\n\t\t<div class=\"elementor-element elementor-element-0996ac6 e-flex e-con-boxed e-con e-parent\" data-id=\"0996ac6\" data-element_type=\"container\">\n\t\t\t\t\t<div class=\"e-con-inner\">\n\t\t<div class=\"elementor-element elementor-element-8d6d3f3 e-con-full e-flex e-con e-child\" data-id=\"8d6d3f3\" data-element_type=\"container\">\n\t\t\t\t<div class=\"elementor-element elementor-element-1428f86 elementor-widget elementor-widget-wd_image_or_svg\" data-id=\"1428f86\" data-element_type=\"widget\" data-widget_type=\"wd_image_or_svg.default\">\n\t\t\t\t<div class=\"elementor-widget-container\">\n\t\t\t\t\t\n\t\t<div class=\"wd-image text-left\">\n\t\t\t\t\t\t\t\t<img fetchpriority=\"high\" decoding=\"async\" width=\"1264\" height=\"1186\" src=\"https:\/\/corest-bike.com\/wp-content\/uploads\/2025\/02\/26537211.png\" class=\"attachment-full size-full\" alt=\"\" srcset=\"https:\/\/corest-bike.com\/wp-content\/uploads\/2025\/02\/26537211.png 1264w, https:\/\/corest-bike.com\/wp-content\/uploads\/2025\/02\/26537211-320x300.png 320w, https:\/\/corest-bike.com\/wp-content\/uploads\/2025\/02\/26537211-853x800.png 853w, https:\/\/corest-bike.com\/wp-content\/uploads\/2025\/02\/26537211-768x721.png 768w, https:\/\/corest-bike.com\/wp-content\/uploads\/2025\/02\/26537211-430x403.png 430w, https:\/\/corest-bike.com\/wp-content\/uploads\/2025\/02\/26537211-700x657.png 700w, https:\/\/corest-bike.com\/wp-content\/uploads\/2025\/02\/26537211-150x141.png 150w, https:\/\/corest-bike.com\/wp-content\/uploads\/2025\/02\/26537211-630x590.png 630w\" sizes=\"(max-width: 1264px) 100vw, 1264px\" \/>\t\t\t\t\t<\/div>\n\n\t\t\t\t\t\t<\/div>\n\t\t\t\t<\/div>\n\t\t\t\t<\/div>\n\t\t<div class=\"elementor-element elementor-element-e14e02c e-con-full e-flex e-con e-child\" data-id=\"e14e02c\" data-element_type=\"container\">\n\t\t\t\t<div class=\"elementor-element elementor-element-3182336 wd-width-100 elementor-widget elementor-widget-wd_title\" data-id=\"3182336\" data-element_type=\"widget\" data-widget_type=\"wd_title.default\">\n\t\t\t\t<div class=\"elementor-widget-container\">\n\t\t\t\t\t\t\t<div class=\"title-wrapper wd-set-mb reset-last-child wd-title-color-default wd-title-style-default wd-title-size-default text-left\">\n\n\t\t\t\n\t\t\t<div class=\"liner-continer\">\n\t\t\t\t<h4 class=\"woodmart-title-container title wd-fontsize-l\">Andreas Schminke<\/h4> \n\t\t\t\t\t\t\t<\/div>\n\n\t\t\t\t\t\t\t<div class=\"title-after_title reset-last-child wd-fontsize-xs\">\n\t\t\t\t\t<p>Schminke uzv\u0101rds V\u0101cij\u0101 ir k\u013cuvis par velosip\u0113du sinon\u012bmu. Tr\u012bs paaud\u017eu v\u0113sture \u2013 vect\u0113ti\u0146\u0161, d\u0113li un mazd\u0113ls \u2013 apvienoju\u0161i trad\u012bcijas, pieredzi un inov\u0101cijas, kas \u0161odien atspogu\u013cojas COREST velosip\u0113dos.<\/p><p>V\u0113sture s\u0101kas maz\u0101s darbn\u012bc\u0101s V\u0101cij\u0101, bet \u0161odien dz\u012bvo Lietuv\u0101, kur Andreas Schminke, turpinot savas \u0123imenes degsmi un mantojumu, ir izstr\u0101d\u0101jis COREST.<\/p>\t\t\t\t<\/div>\n\t\t\t\t\t<\/div>\n\t\t\t\t\t\t<\/div>\n\t\t\t\t<\/div>\n\t\t\t\t<\/div>\n\t\t\t\t\t<\/div>\n\t\t\t\t<\/div>\n\t\t<div class=\"wd-negative-gap elementor-element elementor-element-15cb60f e-flex e-con-boxed e-con e-parent\" data-id=\"15cb60f\" data-element_type=\"container\">\n\t\t\t\t\t<div class=\"e-con-inner\">\n\t\t\t\t<div class=\"elementor-element elementor-element-f38d61a wd-width-100 elementor-widget elementor-widget-wd_title\" data-id=\"f38d61a\" data-element_type=\"widget\" data-widget_type=\"wd_title.default\">\n\t\t\t\t<div class=\"elementor-widget-container\">\n\t\t\t\t\t\t\t<div class=\"title-wrapper wd-set-mb reset-last-child wd-title-color-default wd-title-style-default wd-title-size-default text-center\">\n\n\t\t\t\n\t\t\t<div class=\"liner-continer\">\n\t\t\t\t<h4 class=\"woodmart-title-container title wd-fontsize-l\">COREST -  tas ir v\u0101rds, kur\u0161 iedvesmo mobilit\u0101ti un miera atra\u0161anu.<\/h4> \n\t\t\t\t\t\t\t<\/div>\n\n\t\t\t\t\t<\/div>\n\t\t\t\t\t\t<\/div>\n\t\t\t\t<\/div>\n\t\t\t\t<div class=\"elementor-element elementor-element-ac498f0 elementor-widget elementor-widget-wd_text_block\" data-id=\"ac498f0\" data-element_type=\"widget\" data-widget_type=\"wd_text_block.default\">\n\t\t\t\t<div class=\"elementor-widget-container\">\n\t\t\t\t\t\t\t<div class=\"wd-text-block reset-last-child text-center\">\n\t\t\t\n\t\t\t<p>Nosaukums \u201cCOREST\u201d apvieno divus b\u016btiskus elementus: \u201cCORE\u201d \u2013 serde un \u201cREST\u201d \u2013 atp\u016bta, miers. \u0160\u012b kombin\u0101cija atspogu\u013co m\u016bsu filozofiju \u2013 izstr\u0101d\u0101t velosip\u0113dus, kuri k\u013c\u016bst par uzticamu J\u016bsu mobilit\u0101tes pamatu un vienlaikus pie\u0161\u0137ir harmoniju, komfortu un iesp\u0113ju dz\u012bvot ilgtsp\u0113j\u012bgi.<\/p><p>\u201cCORE\u201c simboliz\u0113 m\u016bsu saist\u012bbas precizit\u0101tei, kvalit\u0101tei un in\u017eenierijas meistarklasei, bet \u201cREST\u201d iemieso velosip\u0113da sp\u0113ju sniegt ne tikai fizisku komfortu, bet ar\u012b mieru dv\u0113selei. Katrs ce\u013cojums ar COREST \u2013 tas ir ne tikai veids m\u0113r\u0137a sasnieg\u0161anai, bet ar\u012b iesp\u0113ja relaks\u0113ties un baud\u012bt acumirk\u013cus.<\/p>\n\t\t\t\t\t<\/div>\n\t\t\t\t\t\t<\/div>\n\t\t\t\t<\/div>\n\t\t\t\t\t<\/div>\n\t\t\t\t<\/div>\n\t\t<div class=\"elementor-element elementor-element-447edb30 wd-section-stretch-content titulinis-icons e-con-full e-flex e-con e-parent\" data-id=\"447edb30\" data-element_type=\"container\" data-settings=\"{&quot;background_background&quot;:&quot;classic&quot;}\">\n\t\t<div class=\"elementor-element elementor-element-262f1fde e-con-full e-flex e-con e-child\" data-id=\"262f1fde\" data-element_type=\"container\" data-settings=\"{&quot;background_background&quot;:&quot;classic&quot;}\">\n\t\t\t\t<\/div>\n\t\t<div class=\"elementor-element elementor-element-56732b35 e-con-full e-flex e-con e-child\" data-id=\"56732b35\" data-element_type=\"container\">\n\t\t\t\t<div class=\"elementor-element elementor-element-9a65870 elementor-widget elementor-widget-wd_text_block\" data-id=\"9a65870\" data-element_type=\"widget\" data-widget_type=\"wd_text_block.default\">\n\t\t\t\t<div class=\"elementor-widget-container\">\n\t\t\t\t\t\t\t<div class=\"wd-text-block reset-last-child text-left\">\n\t\t\t\n\t\t\t<p>J\u016bsu ce\u013cojums s\u0101kas ar COREST<\/p>\n\t\t\t\t\t<\/div>\n\t\t\t\t\t\t<\/div>\n\t\t\t\t<\/div>\n\t\t\t\t<div class=\"elementor-element elementor-element-92ce526 elementor-widget elementor-widget-wd_text_block\" data-id=\"92ce526\" data-element_type=\"widget\" data-widget_type=\"wd_text_block.default\">\n\t\t\t\t<div class=\"elementor-widget-container\">\n\t\t\t\t\t\t\t<div class=\"wd-text-block reset-last-child text-left\">\n\t\t\t\n\t\t\t<p>COREST \u2013 visaugst\u0101k\u0101s kvalit\u0101tes velosip\u0113di, kas ir izstr\u0101d\u0101ti visiem, kuri v\u0113rt\u0113 \u0113rtumu, ilgm\u016b\u017e\u012bbu un m\u016bsdien\u012bgu dizainu. Lietuv\u0101 ra\u017eotiem COREST velosip\u0113diem piem\u012bt prec\u012bza in\u017eenierija un jaun\u0101kas tehnolo\u0123ijas.<\/p>\n\t\t\t\t\t<\/div>\n\t\t\t\t\t\t<\/div>\n\t\t\t\t<\/div>\n\t\t<div class=\"elementor-element elementor-element-7204ef e-con-full e-grid e-con e-child\" data-id=\"7204ef\" data-element_type=\"container\">\n\t\t\t\t<div class=\"elementor-element elementor-element-deb0bd8 elementor-widget elementor-widget-wd_infobox\" data-id=\"deb0bd8\" data-element_type=\"widget\" data-widget_type=\"wd_infobox.default\">\n\t\t\t\t<div class=\"elementor-widget-container\">\n\t\t\t\t\t\t\t<div class=\"info-box-wrapper\">\n\t\t\t<div class=\"wd-info-box text-left box-icon-align-top box-style-base color-scheme-\">\n\t\t\t\t\t\t\t\t\t<div class=\"box-icon-wrapper  box-with-icon box-icon-simple\">\n\t\t\t\t\t\t<div class=\"info-box-icon\">\n\t\t\t\t\t\t\t\t\t\t\t\t\t\t\t<div class=\"info-svg-wrapper\" style=\"width:40px; height:40px;\"><img loading=\"lazy\" decoding=\"async\"  src=\"https:\/\/corest-bike.com\/wp-content\/uploads\/2025\/02\/skyscraper-1.svg\" title=\"skyscraper 1\" width=\"40\" height=\"40\"><\/div>\t\t\t\t\t\t\t\t\t\t\t\t\t<\/div>\n\t\t\t\t\t<\/div>\n\t\t\t\t\n\t\t\t\t<div class=\"info-box-content\">\n\t\t\t\t\t\n\t\t\t\t\t\t\t\t\t\t\t<h4\t\t\t\t\t\tclass=\"info-box-title title box-title-style-default wd-fontsize-m\" data-elementor-setting-key=\"title\">\n\t\t\t\t\t\t\t\tPils\u0113t\u0101\t\t\t\t\t\t<\/h4>\n\t\t\t\t\t\n\t\t\t\t\t<div class=\"info-box-inner reset-last-child\"data-elementor-setting-key=\"content\"><p>stil\u012bgi un \u0113rti pils\u0113tas velosip\u0113di ikdienas ce\u013cojumiem bez sastr\u0113gumiem<\/p>\n<\/div>\n\n\t\t\t\t\t\t\t\t\t<\/div>\n\n\t\t\t\t\t\t\t<\/div>\n\t\t<\/div>\n\t\t\t\t\t\t<\/div>\n\t\t\t\t<\/div>\n\t\t\t\t<div class=\"elementor-element elementor-element-717c61e3 elementor-widget elementor-widget-wd_infobox\" data-id=\"717c61e3\" data-element_type=\"widget\" data-widget_type=\"wd_infobox.default\">\n\t\t\t\t<div class=\"elementor-widget-container\">\n\t\t\t\t\t\t\t<div class=\"info-box-wrapper\">\n\t\t\t<div class=\"wd-info-box text-left box-icon-align-top box-style-base color-scheme-\">\n\t\t\t\t\t\t\t\t\t<div class=\"box-icon-wrapper  box-with-icon box-icon-simple\">\n\t\t\t\t\t\t<div class=\"info-box-icon\">\n\t\t\t\t\t\t\t\t\t\t\t\t\t\t\t<div class=\"info-svg-wrapper\" style=\"width:40px; height:40px;\"><img loading=\"lazy\" decoding=\"async\"  src=\"https:\/\/corest-bike.com\/wp-content\/uploads\/2025\/02\/forest-1.svg\" title=\"forest 1\" width=\"40\" height=\"40\"><\/div>\t\t\t\t\t\t\t\t\t\t\t\t\t<\/div>\n\t\t\t\t\t<\/div>\n\t\t\t\t\n\t\t\t\t<div class=\"info-box-content\">\n\t\t\t\t\t\n\t\t\t\t\t\t\t\t\t\t\t<h4\t\t\t\t\t\tclass=\"info-box-title title box-title-style-default wd-fontsize-m\" data-elementor-setting-key=\"title\">\n\t\t\t\t\t\t\t\t\u0160osej\u0101\t\t\t\t\t\t<\/h4>\n\t\t\t\t\t\n\t\t\t\t\t<div class=\"info-box-inner reset-last-child\"data-elementor-setting-key=\"content\"><p>Viegli un \u0101tri velosip\u0113di sportam un gar\u0101m distanc\u0113m<\/p>\n<\/div>\n\n\t\t\t\t\t\t\t\t\t<\/div>\n\n\t\t\t\t\t\t\t<\/div>\n\t\t<\/div>\n\t\t\t\t\t\t<\/div>\n\t\t\t\t<\/div>\n\t\t\t\t<div class=\"elementor-element elementor-element-12cdd9a1 elementor-widget elementor-widget-wd_infobox\" data-id=\"12cdd9a1\" data-element_type=\"widget\" data-widget_type=\"wd_infobox.default\">\n\t\t\t\t<div class=\"elementor-widget-container\">\n\t\t\t\t\t\t\t<div class=\"info-box-wrapper\">\n\t\t\t<div class=\"wd-info-box text-left box-icon-align-top box-style-base color-scheme-\">\n\t\t\t\t\t\t\t\t\t<div class=\"box-icon-wrapper  box-with-icon box-icon-simple\">\n\t\t\t\t\t\t<div class=\"info-box-icon\">\n\t\t\t\t\t\t\t\t\t\t\t\t\t\t\t<div class=\"info-svg-wrapper\" style=\"width:40px; height:40px;\"><img loading=\"lazy\" decoding=\"async\"  src=\"https:\/\/corest-bike.com\/wp-content\/uploads\/2025\/02\/landscape-1.svg\" title=\"landscape 1\" width=\"40\" height=\"40\"><\/div>\t\t\t\t\t\t\t\t\t\t\t\t\t<\/div>\n\t\t\t\t\t<\/div>\n\t\t\t\t\n\t\t\t\t<div class=\"info-box-content\">\n\t\t\t\t\t\n\t\t\t\t\t\t\t\t\t\t\t<h4\t\t\t\t\t\tclass=\"info-box-title title box-title-style-default wd-fontsize-m\" data-elementor-setting-key=\"title\">\n\t\t\t\t\t\t\t\tKalnos\t\t\t\t\t\t<\/h4>\n\t\t\t\t\t\n\t\t\t\t\t<div class=\"info-box-inner reset-last-child\"data-elementor-setting-key=\"content\"><p>Sp\u0113c\u012bgi un iztur\u012bgi velosip\u0113di ekstrem\u0101liem izaicin\u0101jumiem \u0101rpus ce\u013c\u0101<\/p>\n<\/div>\n\n\t\t\t\t\t\t\t\t\t<\/div>\n\n\t\t\t\t\t\t\t<\/div>\n\t\t<\/div>\n\t\t\t\t\t\t<\/div>\n\t\t\t\t<\/div>\n\t\t\t\t<div class=\"elementor-element elementor-element-74dfc7d elementor-widget elementor-widget-wd_infobox\" data-id=\"74dfc7d\" data-element_type=\"widget\" data-widget_type=\"wd_infobox.default\">\n\t\t\t\t<div class=\"elementor-widget-container\">\n\t\t\t\t\t\t\t<div class=\"info-box-wrapper\">\n\t\t\t<div class=\"wd-info-box text-left box-icon-align-top box-style-base color-scheme-\">\n\t\t\t\t\t\t\t\t\t<div class=\"box-icon-wrapper  box-with-icon box-icon-simple\">\n\t\t\t\t\t\t<div class=\"info-box-icon\">\n\t\t\t\t\t\t\t\t\t\t\t\t\t\t\t<div class=\"info-svg-wrapper\" style=\"width:40px; height:40px;\"><img loading=\"lazy\" decoding=\"async\"  src=\"https:\/\/corest-bike.com\/wp-content\/uploads\/2025\/02\/electric-bicycle-1.svg\" title=\"electric-bicycle 1\" width=\"40\" height=\"40\"><\/div>\t\t\t\t\t\t\t\t\t\t\t\t\t<\/div>\n\t\t\t\t\t<\/div>\n\t\t\t\t\n\t\t\t\t<div class=\"info-box-content\">\n\t\t\t\t\t\n\t\t\t\t\t\t\t\t\t\t\t<h4\t\t\t\t\t\tclass=\"info-box-title title box-title-style-default wd-fontsize-m\" data-elementor-setting-key=\"title\">\n\t\t\t\t\t\t\t\tElektriskai mobilit\u0101tei\t\t\t\t\t\t<\/h4>\n\t\t\t\t\t\n\t\t\t\t\t<div class=\"info-box-inner reset-last-child\"data-elementor-setting-key=\"content\"><p>M\u016bsdien\u012bgi e-velosip\u0113di visiem, kuri mekl\u0113 vair\u0101k br\u012bv\u012bbas un liel\u0101ku \u0101trumu<\/p>\n<\/div>\n\n\t\t\t\t\t\t\t\t\t<\/div>\n\n\t\t\t\t\t\t\t<\/div>\n\t\t<\/div>\n\t\t\t\t\t\t<\/div>\n\t\t\t\t<\/div>\n\t\t\t\t<\/div>\n\t\t\t\t<div class=\"elementor-element elementor-element-0f6a5ec elementor-widget elementor-widget-wd_text_block\" data-id=\"0f6a5ec\" data-element_type=\"widget\" data-widget_type=\"wd_text_block.default\">\n\t\t\t\t<div class=\"elementor-widget-container\">\n\t\t\t\t\t\t\t<div class=\"wd-text-block reset-last-child text-left\">\n\t\t\t\n\t\t\t<p>V\u0113l vair\u0101k velosip\u0113du mode\u013cu  \u2013 jau dr\u012bz!<\/p>\n\t\t\t\t\t<\/div>\n\t\t\t\t\t\t<\/div>\n\t\t\t\t<\/div>\n\t\t\t\t<\/div>\n\t\t\t\t<\/div>\n\t\t<div class=\"wd-negative-gap elementor-element elementor-element-d3d1ec2 wd-section-stretch e-flex e-con-boxed e-con e-parent\" data-id=\"d3d1ec2\" data-element_type=\"container\" data-settings=\"{&quot;background_background&quot;:&quot;classic&quot;}\">\n\t\t\t\t\t<div class=\"e-con-inner\">\n\t\t\t\t<div class=\"elementor-element elementor-element-e1ee823 elementor-widget elementor-widget-wd_text_block\" data-id=\"e1ee823\" data-element_type=\"widget\" data-widget_type=\"wd_text_block.default\">\n\t\t\t\t<div class=\"elementor-widget-container\">\n\t\t\t\t\t\t\t<div class=\"wd-text-block reset-last-child text-left\">\n\t\t\t\n\t\t\t<p>\u201cVelosip\u0113du ra\u017eo\u0161ana m\u016bsu \u0123imen\u0113 nekad nebija tikai bizness. Tas bija m\u016bsu pa\u0146\u0113miens k\u0101 rad\u012bt br\u012bv\u012bbu, izzin\u0101\u0161anu un saiti ar pasauli. COREST esam izstr\u0101d\u0101ju\u0161i tiem, kuriem velosip\u0113ds ir ne tikai ce\u013co\u0161anai pa ce\u013cu, bet ir neat\u0146emama dz\u012bves sast\u0101vda\u013ca.\u201d \u2013 Andreas Schminke<\/p><p>- Andreas Schminke<\/p>\n\t\t\t\t\t<\/div>\n\t\t\t\t\t\t<\/div>\n\t\t\t\t<\/div>\n\t\t\t\t\t<\/div>\n\t\t\t\t<\/div>\n\t\t\t\t<\/div>","protected":false},"excerpt":{"rendered":"<p>75 met\u0173 patirtis dvira\u010di\u0173 srityje Andreas Schminke Schminke pavard\u0117 Vokietijoje yra tapusi dvira\u010di\u0173 sinonimu. Trij\u0173 kart\u0173 istorija \u2013 senelis, s\u016bn\u016bs<\/p>","protected":false},"author":1,"featured_media":0,"parent":0,"menu_order":0,"comment_status":"closed","ping_status":"closed","template":"","meta":{"footnotes":""},"class_list":["post-4400","page","type-page","status-publish","hentry"],"_links":{"self":[{"href":"https:\/\/corest-bike.com\/lv\/wp-json\/wp\/v2\/pages\/4400","targetHints":{"allow":["GET"]}}],"collection":[{"href":"https:\/\/corest-bike.com\/lv\/wp-json\/wp\/v2\/pages"}],"about":[{"href":"https:\/\/corest-bike.com\/lv\/wp-json\/wp\/v2\/types\/page"}],"author":[{"embeddable":true,"href":"https:\/\/corest-bike.com\/lv\/wp-json\/wp\/v2\/users\/1"}],"replies":[{"embeddable":true,"href":"https:\/\/corest-bike.com\/lv\/wp-json\/wp\/v2\/comments?post=4400"}],"version-history":[{"count":115,"href":"https:\/\/corest-bike.com\/lv\/wp-json\/wp\/v2\/pages\/4400\/revisions"}],"predecessor-version":[{"id":16941,"href":"https:\/\/corest-bike.com\/lv\/wp-json\/wp\/v2\/pages\/4400\/revisions\/16941"}],"wp:attachment":[{"href":"https:\/\/corest-bike.com\/lv\/wp-json\/wp\/v2\/media?parent=4400"}],"curies":[{"name":"wp","href":"https:\/\/api.w.org\/{rel}","templated":true}]}}