{"id":16098,"date":"2025-02-25T15:45:10","date_gmt":"2025-02-25T15:45:10","guid":{"rendered":"http:\/\/corest-bike.com\/?page_id=16098"},"modified":"2025-03-12T20:20:14","modified_gmt":"2025-03-12T20:20:14","slug":"partneriu-forma","status":"publish","type":"page","link":"https:\/\/corest-bike.com\/lv\/partneriu-forma\/","title":{"rendered":"Partneri\u0173 forma"},"content":{"rendered":"<div data-elementor-type=\"wp-page\" data-elementor-id=\"16098\" class=\"elementor elementor-16098\">\n\t\t\t\t<div class=\"elementor-element elementor-element-627339d wd-section-stretch e-flex e-con-boxed e-con e-parent\" data-id=\"627339d\" data-element_type=\"container\" data-settings=\"{&quot;background_background&quot;:&quot;classic&quot;}\">\n\t\t\t\t\t<div class=\"e-con-inner\">\n\t\t\t\t<div class=\"elementor-element elementor-element-5629c8a wd-width-100 elementor-widget elementor-widget-wd_title\" data-id=\"5629c8a\" data-element_type=\"widget\" data-widget_type=\"wd_title.default\">\n\t\t\t\t<div class=\"elementor-widget-container\">\n\t\t\t\t\t\t\t<div class=\"title-wrapper wd-set-mb reset-last-child wd-title-color-default wd-title-style-default wd-title-size-default text-left\">\n\n\t\t\t\n\t\t\t<div class=\"liner-continer\">\n\t\t\t\t<h4 class=\"woodmart-title-container title wd-fontsize-l\">Aizpildiet veidlapu un k\u013c\u016bstiet par COREST partneri!<\/h4> \n\t\t\t\t\t\t\t<\/div>\n\n\t\t\t\t\t<\/div>\n\t\t\t\t\t\t<\/div>\n\t\t\t\t<\/div>\n\t\t\t\t\t<\/div>\n\t\t\t\t<\/div>\n\t\t<div class=\"elementor-element elementor-element-63c74f5 e-con-full wd-section-stretch-content e-flex e-con e-parent\" data-id=\"63c74f5\" data-element_type=\"container\">\n\t\t<div class=\"elementor-element elementor-element-553cd12 e-con-full e-flex e-con e-child\" data-id=\"553cd12\" data-element_type=\"container\">\n\t\t\t\t<div class=\"elementor-element elementor-element-0f4e572 elementor-widget-tablet__width-initial elementor-widget elementor-widget-wd_contact_form_7\" data-id=\"0f4e572\" data-element_type=\"widget\" data-widget_type=\"wd_contact_form_7.default\">\n\t\t\t\t<div class=\"elementor-widget-container\">\n\t\t\t\t\t\n<div class=\"wpcf7 no-js\" id=\"wpcf7-f14-o1\" lang=\"en\" dir=\"ltr\" data-wpcf7-id=\"14\">\n<div class=\"screen-reader-response\"><p role=\"status\" aria-live=\"polite\" aria-atomic=\"true\"><\/p> <ul><\/ul><\/div>\n<form action=\"\/lv\/wp-json\/wp\/v2\/pages\/16098#wpcf7-f14-o1\" method=\"post\" class=\"wpcf7-form init\" aria-label=\"Contact form\" novalidate=\"novalidate\" data-status=\"init\" data-trp-original-action=\"\/lv\/wp-json\/wp\/v2\/pages\/16098#wpcf7-f14-o1\">\n<div style=\"display: none;\">\n<input type=\"hidden\" name=\"_wpcf7\" value=\"14\" \/>\n<input type=\"hidden\" name=\"_wpcf7_version\" value=\"6.0.4\" \/>\n<input type=\"hidden\" name=\"_wpcf7_locale\" value=\"en\" \/>\n<input type=\"hidden\" name=\"_wpcf7_unit_tag\" value=\"wpcf7-f14-o1\" \/>\n<input type=\"hidden\" name=\"_wpcf7_container_post\" value=\"0\" \/>\n<input type=\"hidden\" name=\"_wpcf7_posted_data_hash\" value=\"\" \/>\n<input type=\"hidden\" name=\"_wpcf7cf_hidden_group_fields\" value=\"[]\" \/>\n<input type=\"hidden\" name=\"_wpcf7cf_hidden_groups\" value=\"[]\" \/>\n<input type=\"hidden\" name=\"_wpcf7cf_visible_groups\" value=\"[]\" \/>\n<input type=\"hidden\" name=\"_wpcf7cf_repeaters\" value=\"[]\" \/>\n<input type=\"hidden\" name=\"_wpcf7cf_steps\" value=\"{}\" \/>\n<input type=\"hidden\" name=\"_wpcf7cf_options\" value=\"{&quot;form_id&quot;:14,&quot;conditions&quot;:[{&quot;then_field&quot;:&quot;adresas&quot;,&quot;and_rules&quot;:[{&quot;if_field&quot;:&quot;fizine-parduotuve&quot;,&quot;operator&quot;:&quot;equals&quot;,&quot;if_value&quot;:&quot;Taip&quot;}]},{&quot;then_field&quot;:&quot;svetaine&quot;,&quot;and_rules&quot;:[{&quot;if_field&quot;:&quot;internetine-parduotuve&quot;,&quot;operator&quot;:&quot;equals&quot;,&quot;if_value&quot;:&quot;Taip&quot;}]}],&quot;settings&quot;:{&quot;animation&quot;:&quot;yes&quot;,&quot;animation_intime&quot;:200,&quot;animation_outtime&quot;:200,&quot;conditions_ui&quot;:&quot;normal&quot;,&quot;notice_dismissed&quot;:false}}\" \/>\n<\/div>\n<div class=\"form-title\">\n\t<p>Uz\u0146\u0113muma inform\u0101cija\n\t<\/p>\n<\/div>\n<p><span class=\"wpcf7-form-control-wrap\" data-name=\"imone\"><input size=\"40\" maxlength=\"400\" class=\"wpcf7-form-control wpcf7-text wpcf7-validates-as-required\" aria-required=\"true\" aria-invalid=\"false\" placeholder=\"Uz\u0146\u0113mums\" value=\"\" type=\"text\" name=\"imone\" \/><\/span>\n<\/p>\n<div class=\"row\">\n\t<p class=\"col-md-6\"><span class=\"wpcf7-form-control-wrap\" data-name=\"salis\"><select class=\"wpcf7-form-control wpcf7-select wpcf7-validates-as-required\" aria-required=\"true\" aria-invalid=\"false\" name=\"salis\"><option value=\"Lietuva\">Lietuva<\/option><option value=\"Latvija\">Latvija<\/option><option value=\"Estija\">Estija<\/option><\/select><\/span>\n\t<\/p>\n\t<p class=\"col-md-6\"><span class=\"wpcf7-form-control-wrap\" data-name=\"miestas\"><input size=\"40\" maxlength=\"400\" class=\"wpcf7-form-control wpcf7-text wpcf7-validates-as-required\" aria-required=\"true\" aria-invalid=\"false\" placeholder=\"Pils\u0113ta\" value=\"\" type=\"text\" name=\"miestas\" \/><\/span>\n\t<\/p>\n<\/div>\n<div class=\"form-title\">\n\t<p>Kontaktinform\u0101cija\n\t<\/p>\n<\/div>\n<div class=\"row\">\n\t<p class=\"col-md-6\"><span class=\"wpcf7-form-control-wrap\" data-name=\"vardas\"><input size=\"40\" maxlength=\"400\" class=\"wpcf7-form-control wpcf7-text wpcf7-validates-as-required\" aria-required=\"true\" aria-invalid=\"false\" placeholder=\"J\u016bsu v\u0101rds\" value=\"\" type=\"text\" name=\"vardas\" \/><\/span>\n\t<\/p>\n\t<p class=\"col-md-6\"><span class=\"wpcf7-form-control-wrap\" data-name=\"pavarde\"><input size=\"40\" maxlength=\"400\" class=\"wpcf7-form-control wpcf7-text wpcf7-validates-as-required\" aria-required=\"true\" aria-invalid=\"false\" placeholder=\"J\u016bsu uzv\u0101rds\" value=\"\" type=\"text\" name=\"pavarde\" \/><\/span>\n\t<\/p>\n<\/div>\n<div class=\"row\">\n\t<p class=\"col-md-6\"><span class=\"wpcf7-form-control-wrap\" data-name=\"elpastas\"><input size=\"40\" maxlength=\"400\" class=\"wpcf7-form-control wpcf7-email wpcf7-validates-as-required wpcf7-text wpcf7-validates-as-email\" aria-required=\"true\" aria-invalid=\"false\" placeholder=\"E-pasts\" value=\"\" type=\"email\" name=\"elpastas\" \/><\/span>\n\t<\/p>\n\t<p class=\"col-md-6\"><span class=\"wpcf7-form-control-wrap\" data-name=\"telefonas\"><input size=\"40\" maxlength=\"400\" class=\"wpcf7-form-control wpcf7-tel wpcf7-validates-as-required wpcf7-text wpcf7-validates-as-tel\" aria-required=\"true\" aria-invalid=\"false\" placeholder=\"T\u0101lrunis\" value=\"\" type=\"tel\" name=\"telefonas\" \/><\/span>\n\t<\/p>\n<\/div>\n<div class=\"form-title\">\n\t<p>Uz\u0146\u0113m\u0113jdarb\u012bbas p\u0101rskats\n\t<\/p>\n<\/div>\n<p><label>Galven\u0101 uz\u0146\u0113m\u0113jdarb\u012bbas joma<\/label><span class=\"wpcf7-form-control-wrap\" data-name=\"imones-veikla\"><input size=\"40\" maxlength=\"400\" class=\"wpcf7-form-control wpcf7-text wpcf7-validates-as-required\" aria-required=\"true\" aria-invalid=\"false\" placeholder=\"Aprakstiet savas uz\u0146\u0113muma darb\u012bbu\" value=\"\" type=\"text\" name=\"imones-veikla\" \/><\/span>\n<\/p>\n<div class=\"row\">\n\t<p class=\"col-md-6\"><label>Cik gadus esat tirg\u016b?<\/label><span class=\"wpcf7-form-control-wrap\" data-name=\"imones-laikotarpis\"><input size=\"40\" maxlength=\"400\" class=\"wpcf7-form-control wpcf7-text wpcf7-validates-as-required\" aria-required=\"true\" aria-invalid=\"false\" placeholder=\"Ievadiet periodu\" value=\"\" type=\"text\" name=\"imones-laikotarpis\" \/><\/span>\n\t<\/p>\n\t<p class=\"col-md-6\">\n\t<\/p>\n<\/div>\n<p><label>Vai jums ir fiziski veikali?<\/label><span class=\"wpcf7-form-control-wrap\" data-name=\"fizine-parduotuve\"><span class=\"wpcf7-form-control wpcf7-radio\"><span class=\"wpcf7-list-item first\"><input type=\"radio\" name=\"fizine-parduotuve\" value=\"Taip\" \/><span class=\"wpcf7-list-item-label\">J\u0100<\/span><\/span><span class=\"wpcf7-list-item last\"><input type=\"radio\" name=\"fizine-parduotuve\" value=\"Ne\" \/><span class=\"wpcf7-list-item-label\">N\u0112<\/span><\/span><\/span><\/span>\n<\/p>\n<div data-id=\"adresas\" data-orig_data_id=\"adresas\"  data-class=\"wpcf7cf_group\">\n\t<p><label>Nor\u0101diet fizisko veikalu adreses<\/label><span class=\"wpcf7-form-control-wrap\" data-name=\"fizine-parduotuve-adresas\"><input size=\"40\" maxlength=\"400\" class=\"wpcf7-form-control wpcf7-text\" aria-invalid=\"false\" placeholder=\"Adrese\" value=\"\" type=\"text\" name=\"fizine-parduotuve-adresas\" \/><\/span>\n\t<\/p>\n<\/div>\n<p><label>Vai jums ir interneta veikals?<\/label><span class=\"wpcf7-form-control-wrap\" data-name=\"internetine-parduotuve\"><span class=\"wpcf7-form-control wpcf7-radio\"><span class=\"wpcf7-list-item first\"><input type=\"radio\" name=\"internetine-parduotuve\" value=\"Taip\" \/><span class=\"wpcf7-list-item-label\">J\u0100<\/span><\/span><span class=\"wpcf7-list-item last\"><input type=\"radio\" name=\"internetine-parduotuve\" value=\"Ne\" \/><span class=\"wpcf7-list-item-label\">N\u0112<\/span><\/span><\/span><\/span>\n<\/p>\n<div data-id=\"svetaine\" data-orig_data_id=\"svetaine\"  data-class=\"wpcf7cf_group\">\n\t<p><label>Interneta vietnes adrese<\/label><span class=\"wpcf7-form-control-wrap\" data-name=\"internetine-parduotuve-adresas\"><input size=\"40\" maxlength=\"400\" class=\"wpcf7-form-control wpcf7-text\" aria-invalid=\"false\" placeholder=\"WWW\" value=\"\" type=\"text\" name=\"internetine-parduotuve-adresas\" \/><\/span>\n\t<\/p>\n<\/div>\n<div class=\"form-title\">\n\t<p>Partner\u012bbas inform\u0101cija\n\t<\/p>\n<\/div>\n<p><label>K\u0101du klientu segmentu apkalpojat?<\/label><span class=\"wpcf7-form-control-wrap\" data-name=\"klientu-segmentas\"><input size=\"40\" maxlength=\"400\" class=\"wpcf7-form-control wpcf7-text wpcf7-validates-as-required\" aria-required=\"true\" aria-invalid=\"false\" placeholder=\"piem., individu\u0101lie pat\u0113r\u0113t\u0101ji, biznesa klienti u.c.\" value=\"\" type=\"text\" name=\"klientu-segmentas\" \/><\/span>\n<\/p>\n<p><label>K\u0101dus citus z\u012bmolus j\u016bs p\u0101rst\u0101vat?<\/label><span class=\"wpcf7-form-control-wrap\" data-name=\"prekiu-zenklai\"><input size=\"40\" maxlength=\"400\" class=\"wpcf7-form-control wpcf7-text wpcf7-validates-as-required\" aria-required=\"true\" aria-invalid=\"false\" placeholder=\"Z\u012bmoli\" value=\"\" type=\"text\" name=\"prekiu-zenklai\" \/><\/span>\n<\/p>\n<p><label>Vai pied\u0101v\u0101jat velosip\u0113du servisu?<\/label><span class=\"wpcf7-form-control-wrap\" data-name=\"dviraciu-servisas\"><span class=\"wpcf7-form-control wpcf7-radio\"><span class=\"wpcf7-list-item first\"><input type=\"radio\" name=\"dviraciu-servisas\" value=\"Taip\" \/><span class=\"wpcf7-list-item-label\">J\u0100<\/span><\/span><span class=\"wpcf7-list-item last\"><input type=\"radio\" name=\"dviraciu-servisas\" value=\"Ne\" \/><span class=\"wpcf7-list-item-label\">N\u0112<\/span><\/span><\/span><\/span>\n<\/p>\n<p><span class=\"wpcf7-form-control-wrap\" data-name=\"acceptance-259\"><span class=\"wpcf7-form-control wpcf7-acceptance optional\"><span class=\"wpcf7-list-item\"><label><input type=\"checkbox\" name=\"acceptance-259\" value=\"1\" aria-invalid=\"false\" \/><span class=\"wpcf7-list-item-label\">Es piekr\u012btu <a target=\"_blank\" href=\"http:\/\/corest-bike.com\/lv\/privatumo-politika\/\">priv\u0101tuma politikai<\/a><\/span><\/label><\/span><\/span><\/span>\n<\/p>\n<p class=\"cf7-send\"><input class=\"wpcf7-form-control wpcf7-submit has-spinner btn-color-black\" type=\"submit\" value=\"NOS\u016aT\u012aT\" \/>\n<\/p><input type='hidden' class='wpcf7-pum' value='{\"closepopup\":false,\"closedelay\":0,\"openpopup\":false,\"openpopup_id\":0}' \/><div class=\"wpcf7-response-output\" aria-hidden=\"true\"><\/div>\n<input type=\"hidden\" name=\"trp-form-language\" value=\"lv\"\/><\/form>\n<\/div>\n\t\t\t\t<\/div>\n\t\t\t\t<\/div>\n\t\t\t\t<\/div>\n\t\t<div class=\"elementor-element elementor-element-2de2aa3 e-con-full elementor-hidden-tablet elementor-hidden-mobile e-flex e-con e-child\" data-id=\"2de2aa3\" data-element_type=\"container\">\n\t\t\t\t<div class=\"elementor-element elementor-element-5068a38 elementor-widget elementor-widget-image\" data-id=\"5068a38\" data-element_type=\"widget\" data-widget_type=\"image.default\">\n\t\t\t\t<div class=\"elementor-widget-container\">\n\t\t\t\t\t\t\t\t\t\t\t\t\t\t\t<img fetchpriority=\"high\" decoding=\"async\" width=\"1498\" height=\"2140\" src=\"https:\/\/corest-bike.com\/wp-content\/uploads\/2025\/02\/Group-4539.png\" class=\"attachment-full size-full wp-image-16129\" alt=\"\" srcset=\"https:\/\/corest-bike.com\/wp-content\/uploads\/2025\/02\/Group-4539.png 1498w, https:\/\/corest-bike.com\/wp-content\/uploads\/2025\/02\/Group-4539-210x300.png 210w, https:\/\/corest-bike.com\/wp-content\/uploads\/2025\/02\/Group-4539-560x800.png 560w, https:\/\/corest-bike.com\/wp-content\/uploads\/2025\/02\/Group-4539-768x1097.png 768w, https:\/\/corest-bike.com\/wp-content\/uploads\/2025\/02\/Group-4539-1075x1536.png 1075w, https:\/\/corest-bike.com\/wp-content\/uploads\/2025\/02\/Group-4539-1434x2048.png 1434w, https:\/\/corest-bike.com\/wp-content\/uploads\/2025\/02\/Group-4539-430x614.png 430w, https:\/\/corest-bike.com\/wp-content\/uploads\/2025\/02\/Group-4539-700x1000.png 700w, https:\/\/corest-bike.com\/wp-content\/uploads\/2025\/02\/Group-4539-150x214.png 150w\" sizes=\"(max-width: 1498px) 100vw, 1498px\" \/>\t\t\t\t\t\t\t\t\t\t\t\t\t\t\t<\/div>\n\t\t\t\t<\/div>\n\t\t\t\t<\/div>\n\t\t\t\t<\/div>\n\t\t\t\t<\/div>","protected":false},"excerpt":{"rendered":"<p>U\u017epildykite form\u0105 ir tapkite COREST partneriu! \u012emon\u0117s informacija LietuvaLatvijaEstija Kontaktin\u0117 informacija Verslo veiklos apra\u0161ymas Pagrindin\u0117 veiklos sritis Kiek met\u0173 veikiate<\/p>","protected":false},"author":1,"featured_media":0,"parent":0,"menu_order":0,"comment_status":"closed","ping_status":"closed","template":"elementor_theme","meta":{"footnotes":""},"class_list":["post-16098","page","type-page","status-publish","hentry"],"_links":{"self":[{"href":"https:\/\/corest-bike.com\/lv\/wp-json\/wp\/v2\/pages\/16098","targetHints":{"allow":["GET"]}}],"collection":[{"href":"https:\/\/corest-bike.com\/lv\/wp-json\/wp\/v2\/pages"}],"about":[{"href":"https:\/\/corest-bike.com\/lv\/wp-json\/wp\/v2\/types\/page"}],"author":[{"embeddable":true,"href":"https:\/\/corest-bike.com\/lv\/wp-json\/wp\/v2\/users\/1"}],"replies":[{"embeddable":true,"href":"https:\/\/corest-bike.com\/lv\/wp-json\/wp\/v2\/comments?post=16098"}],"version-history":[{"count":139,"href":"https:\/\/corest-bike.com\/lv\/wp-json\/wp\/v2\/pages\/16098\/revisions"}],"predecessor-version":[{"id":17025,"href":"https:\/\/corest-bike.com\/lv\/wp-json\/wp\/v2\/pages\/16098\/revisions\/17025"}],"wp:attachment":[{"href":"https:\/\/corest-bike.com\/lv\/wp-json\/wp\/v2\/media?parent=16098"}],"curies":[{"name":"wp","href":"https:\/\/api.w.org\/{rel}","templated":true}]}}