{"id":4400,"date":"2021-10-12T15:51:09","date_gmt":"2021-10-12T15:51:09","guid":{"rendered":"http:\/\/dummy.xtemos.com\/woodmart2\/elementor\/?page_id=4400"},"modified":"2025-03-12T19:46:56","modified_gmt":"2025-03-12T19:46:56","slug":"apie-mus","status":"publish","type":"page","link":"https:\/\/corest-bike.com\/en\/apie-mus\/","title":{"rendered":"About us"},"content":{"rendered":"<div data-elementor-type=\"wp-page\" data-elementor-id=\"4400\" class=\"elementor elementor-4400\">\n\t\t\t\t<div class=\"elementor-element elementor-element-70286c1b wd-section-stretch e-flex e-con-boxed e-con e-parent\" data-id=\"70286c1b\" data-element_type=\"container\" data-settings=\"{&quot;background_background&quot;:&quot;classic&quot;}\">\n\t\t\t\t\t<div class=\"e-con-inner\">\n\t\t\t\t<div class=\"elementor-element elementor-element-251fbcf5 elementor-widget elementor-widget-wd_image_or_svg\" data-id=\"251fbcf5\" data-element_type=\"widget\" data-widget_type=\"wd_image_or_svg.default\">\n\t\t\t\t<div class=\"elementor-widget-container\">\n\t\t\t\t\t\n\t\t<div class=\"wd-image text-left\">\n\t\t\t\t\t\t\t\t<img decoding=\"async\" width=\"90\" height=\"77\" src=\"https:\/\/corest-bike.com\/wp-content\/uploads\/2025\/02\/Vector-90x77.png\" class=\"attachment-90x77 size-90x77\" alt=\"\" srcset=\"https:\/\/corest-bike.com\/wp-content\/uploads\/2025\/02\/Vector-90x77.png 90w, https:\/\/corest-bike.com\/wp-content\/uploads\/2025\/02\/Vector-150x128.png 150w, https:\/\/corest-bike.com\/wp-content\/uploads\/2025\/02\/Vector.png 180w\" sizes=\"(max-width: 90px) 100vw, 90px\" \/>\t\t\t\t\t<\/div>\n\n\t\t\t\t\t\t<\/div>\n\t\t\t\t<\/div>\n\t\t\t\t<div class=\"elementor-element elementor-element-4ca71a82 wd-width-100 elementor-widget elementor-widget-wd_title\" data-id=\"4ca71a82\" data-element_type=\"widget\" data-widget_type=\"wd_title.default\">\n\t\t\t\t<div class=\"elementor-widget-container\">\n\t\t\t\t\t\t\t<div class=\"title-wrapper wd-set-mb reset-last-child wd-title-color-default wd-title-style-default wd-title-size-default text-left\">\n\n\t\t\t\n\t\t\t<div class=\"liner-continer\">\n\t\t\t\t<h4 class=\"woodmart-title-container title wd-fontsize-l\">75 Years of bicycle experience<br \/>\nin the bicycle field<\/h4> \n\t\t\t\t\t\t\t<\/div>\n\n\t\t\t\t\t<\/div>\n\t\t\t\t\t\t<\/div>\n\t\t\t\t<\/div>\n\t\t\t\t<div class=\"elementor-element elementor-element-5512f940 elementor-widget elementor-widget-spacer\" data-id=\"5512f940\" data-element_type=\"widget\" data-widget_type=\"spacer.default\">\n\t\t\t\t<div class=\"elementor-widget-container\">\n\t\t\t\t\t\t\t<div class=\"elementor-spacer\">\n\t\t\t<div class=\"elementor-spacer-inner\"><\/div>\n\t\t<\/div>\n\t\t\t\t\t\t<\/div>\n\t\t\t\t<\/div>\n\t\t\t\t\t<\/div>\n\t\t\t\t<\/div>\n\t\t<div class=\"elementor-element elementor-element-3c15459 e-con-full wd-section-stretch e-flex e-con e-parent\" data-id=\"3c15459\" data-element_type=\"container\">\n\t\t\t\t<div class=\"elementor-element elementor-element-fb1671d elementor-absolute elementor-hidden-tablet elementor-hidden-mobile elementor-widget elementor-widget-image\" data-id=\"fb1671d\" data-element_type=\"widget\" data-settings=\"{&quot;_position&quot;:&quot;absolute&quot;}\" data-widget_type=\"image.default\">\n\t\t\t\t<div class=\"elementor-widget-container\">\n\t\t\t\t\t\t\t\t\t\t\t\t\t\t\t<img decoding=\"async\" src=\"https:\/\/corest-bike.com\/wp-content\/uploads\/elementor\/thumbs\/Layer_1-1-295x552-1-r20tqutrsqy2jwj366dg871z6gmnx05wap9hd99lhs.png\" title=\"Layer_1-1-295&#215;552-1\" alt=\"Layer_1-1-295x552-1\" loading=\"lazy\" \/>\t\t\t\t\t\t\t\t\t\t\t\t\t\t\t<\/div>\n\t\t\t\t<\/div>\n\t\t\t\t<\/div>\n\t\t<div class=\"elementor-element elementor-element-0996ac6 e-flex e-con-boxed e-con e-parent\" data-id=\"0996ac6\" data-element_type=\"container\">\n\t\t\t\t\t<div class=\"e-con-inner\">\n\t\t<div class=\"elementor-element elementor-element-8d6d3f3 e-con-full e-flex e-con e-child\" data-id=\"8d6d3f3\" data-element_type=\"container\">\n\t\t\t\t<div class=\"elementor-element elementor-element-1428f86 elementor-widget elementor-widget-wd_image_or_svg\" data-id=\"1428f86\" data-element_type=\"widget\" data-widget_type=\"wd_image_or_svg.default\">\n\t\t\t\t<div class=\"elementor-widget-container\">\n\t\t\t\t\t\n\t\t<div class=\"wd-image text-left\">\n\t\t\t\t\t\t\t\t<img fetchpriority=\"high\" decoding=\"async\" width=\"1264\" height=\"1186\" src=\"https:\/\/corest-bike.com\/wp-content\/uploads\/2025\/02\/26537211.png\" class=\"attachment-full size-full\" alt=\"\" srcset=\"https:\/\/corest-bike.com\/wp-content\/uploads\/2025\/02\/26537211.png 1264w, https:\/\/corest-bike.com\/wp-content\/uploads\/2025\/02\/26537211-320x300.png 320w, https:\/\/corest-bike.com\/wp-content\/uploads\/2025\/02\/26537211-853x800.png 853w, https:\/\/corest-bike.com\/wp-content\/uploads\/2025\/02\/26537211-768x721.png 768w, https:\/\/corest-bike.com\/wp-content\/uploads\/2025\/02\/26537211-430x403.png 430w, https:\/\/corest-bike.com\/wp-content\/uploads\/2025\/02\/26537211-700x657.png 700w, https:\/\/corest-bike.com\/wp-content\/uploads\/2025\/02\/26537211-150x141.png 150w, https:\/\/corest-bike.com\/wp-content\/uploads\/2025\/02\/26537211-630x590.png 630w\" sizes=\"(max-width: 1264px) 100vw, 1264px\" \/>\t\t\t\t\t<\/div>\n\n\t\t\t\t\t\t<\/div>\n\t\t\t\t<\/div>\n\t\t\t\t<\/div>\n\t\t<div class=\"elementor-element elementor-element-e14e02c e-con-full e-flex e-con e-child\" data-id=\"e14e02c\" data-element_type=\"container\">\n\t\t\t\t<div class=\"elementor-element elementor-element-3182336 wd-width-100 elementor-widget elementor-widget-wd_title\" data-id=\"3182336\" data-element_type=\"widget\" data-widget_type=\"wd_title.default\">\n\t\t\t\t<div class=\"elementor-widget-container\">\n\t\t\t\t\t\t\t<div class=\"title-wrapper wd-set-mb reset-last-child wd-title-color-default wd-title-style-default wd-title-size-default text-left\">\n\n\t\t\t\n\t\t\t<div class=\"liner-continer\">\n\t\t\t\t<h4 class=\"woodmart-title-container title wd-fontsize-l\">Andreas Schminke<\/h4> \n\t\t\t\t\t\t\t<\/div>\n\n\t\t\t\t\t\t\t<div class=\"title-after_title reset-last-child wd-fontsize-xs\">\n\t\t\t\t\t<p>The Schminke name has become synonymous with bicycles in Germany. A history of three generations \u2013 grandfather, sons and grandson \u2013 has combined tradition, experience and innovation, which is reflected in COREST bicycles today.<\/p><p>The story began in a small workshop in Germany, and today lives in Lithuania, where Andreas Schminke, continuing his family's passion and legacy, created COREST.<\/p>\t\t\t\t<\/div>\n\t\t\t\t\t<\/div>\n\t\t\t\t\t\t<\/div>\n\t\t\t\t<\/div>\n\t\t\t\t<\/div>\n\t\t\t\t\t<\/div>\n\t\t\t\t<\/div>\n\t\t<div class=\"wd-negative-gap elementor-element elementor-element-15cb60f e-flex e-con-boxed e-con e-parent\" data-id=\"15cb60f\" data-element_type=\"container\">\n\t\t\t\t\t<div class=\"e-con-inner\">\n\t\t\t\t<div class=\"elementor-element elementor-element-f38d61a wd-width-100 elementor-widget elementor-widget-wd_title\" data-id=\"f38d61a\" data-element_type=\"widget\" data-widget_type=\"wd_title.default\">\n\t\t\t\t<div class=\"elementor-widget-container\">\n\t\t\t\t\t\t\t<div class=\"title-wrapper wd-set-mb reset-last-child wd-title-color-default wd-title-style-default wd-title-size-default text-center\">\n\n\t\t\t\n\t\t\t<div class=\"liner-continer\">\n\t\t\t\t<h4 class=\"woodmart-title-container title wd-fontsize-l\">COREST - a name that inspires you to move and find peace.<\/h4> \n\t\t\t\t\t\t\t<\/div>\n\n\t\t\t\t\t<\/div>\n\t\t\t\t\t\t<\/div>\n\t\t\t\t<\/div>\n\t\t\t\t<div class=\"elementor-element elementor-element-ac498f0 elementor-widget elementor-widget-wd_text_block\" data-id=\"ac498f0\" data-element_type=\"widget\" data-widget_type=\"wd_text_block.default\">\n\t\t\t\t<div class=\"elementor-widget-container\">\n\t\t\t\t\t\t\t<div class=\"wd-text-block reset-last-child text-center\">\n\t\t\t\n\t\t\t<p>The name \"COREST\" combines two essential elements: \"CORE\" - core, and \"REST\" - rest, peace. This combination reflects our philosophy - to create bicycles that become a reliable basis for your movement and at the same time provide harmony, comfort and the opportunity to live sustainably.<\/p><p>\u201cCORE\u201d symbolizes our commitment to precision, quality and engineering excellence, while \u201cREST\u201d conveys the bicycle\u2019s ability to provide not only physical comfort but also peace of mind. Every ride with COREST is not just a way to reach a destination, but also an opportunity to relax and enjoy the moment.<\/p>\n\t\t\t\t\t<\/div>\n\t\t\t\t\t\t<\/div>\n\t\t\t\t<\/div>\n\t\t\t\t\t<\/div>\n\t\t\t\t<\/div>\n\t\t<div class=\"elementor-element elementor-element-447edb30 wd-section-stretch-content titulinis-icons e-con-full e-flex e-con e-parent\" data-id=\"447edb30\" data-element_type=\"container\" data-settings=\"{&quot;background_background&quot;:&quot;classic&quot;}\">\n\t\t<div class=\"elementor-element elementor-element-262f1fde e-con-full e-flex e-con e-child\" data-id=\"262f1fde\" data-element_type=\"container\" data-settings=\"{&quot;background_background&quot;:&quot;classic&quot;}\">\n\t\t\t\t<\/div>\n\t\t<div class=\"elementor-element elementor-element-56732b35 e-con-full e-flex e-con e-child\" data-id=\"56732b35\" data-element_type=\"container\">\n\t\t\t\t<div class=\"elementor-element elementor-element-9a65870 elementor-widget elementor-widget-wd_text_block\" data-id=\"9a65870\" data-element_type=\"widget\" data-widget_type=\"wd_text_block.default\">\n\t\t\t\t<div class=\"elementor-widget-container\">\n\t\t\t\t\t\t\t<div class=\"wd-text-block reset-last-child text-left\">\n\t\t\t\n\t\t\t<p>COREST \u2013 when every journey becomes more comfortable, easier and inspiring.<\/p>\n\t\t\t\t\t<\/div>\n\t\t\t\t\t\t<\/div>\n\t\t\t\t<\/div>\n\t\t\t\t<div class=\"elementor-element elementor-element-92ce526 elementor-widget elementor-widget-wd_text_block\" data-id=\"92ce526\" data-element_type=\"widget\" data-widget_type=\"wd_text_block.default\">\n\t\t\t\t<div class=\"elementor-widget-container\">\n\t\t\t\t\t\t\t<div class=\"wd-text-block reset-last-child text-left\">\n\t\t\t\n\t\t\t<p>COREST is a high-quality bicycle designed for those who value comfort, durability and modern design. COREST bicycles, manufactured in Lithuania, are characterized by precision engineering, the latest technologies and a sustainable approach to movement.<\/p>\n\t\t\t\t\t<\/div>\n\t\t\t\t\t\t<\/div>\n\t\t\t\t<\/div>\n\t\t<div class=\"elementor-element elementor-element-7204ef e-con-full e-grid e-con e-child\" data-id=\"7204ef\" data-element_type=\"container\">\n\t\t\t\t<div class=\"elementor-element elementor-element-deb0bd8 elementor-widget elementor-widget-wd_infobox\" data-id=\"deb0bd8\" data-element_type=\"widget\" data-widget_type=\"wd_infobox.default\">\n\t\t\t\t<div class=\"elementor-widget-container\">\n\t\t\t\t\t\t\t<div class=\"info-box-wrapper\">\n\t\t\t<div class=\"wd-info-box text-left box-icon-align-top box-style-base color-scheme-\">\n\t\t\t\t\t\t\t\t\t<div class=\"box-icon-wrapper  box-with-icon box-icon-simple\">\n\t\t\t\t\t\t<div class=\"info-box-icon\">\n\t\t\t\t\t\t\t\t\t\t\t\t\t\t\t<div class=\"info-svg-wrapper\" style=\"width:40px; height:40px;\"><img loading=\"lazy\" decoding=\"async\"  src=\"https:\/\/corest-bike.com\/wp-content\/uploads\/2025\/02\/skyscraper-1.svg\" title=\"skyscraper 1\" width=\"40\" height=\"40\"><\/div>\t\t\t\t\t\t\t\t\t\t\t\t\t<\/div>\n\t\t\t\t\t<\/div>\n\t\t\t\t\n\t\t\t\t<div class=\"info-box-content\">\n\t\t\t\t\t\n\t\t\t\t\t\t\t\t\t\t\t<h4\t\t\t\t\t\tclass=\"info-box-title title box-title-style-default wd-fontsize-m\" data-elementor-setting-key=\"title\">\n\t\t\t\t\t\t\t\tUrban mobility\t\t\t\t\t\t<\/h4>\n\t\t\t\t\t\n\t\t\t\t\t<div class=\"info-box-inner reset-last-child\"data-elementor-setting-key=\"content\"><p>stylish and comfortable city bikes for everyday commutes without traffic jams.<\/p>\n<\/div>\n\n\t\t\t\t\t\t\t\t\t<\/div>\n\n\t\t\t\t\t\t\t<\/div>\n\t\t<\/div>\n\t\t\t\t\t\t<\/div>\n\t\t\t\t<\/div>\n\t\t\t\t<div class=\"elementor-element elementor-element-717c61e3 elementor-widget elementor-widget-wd_infobox\" data-id=\"717c61e3\" data-element_type=\"widget\" data-widget_type=\"wd_infobox.default\">\n\t\t\t\t<div class=\"elementor-widget-container\">\n\t\t\t\t\t\t\t<div class=\"info-box-wrapper\">\n\t\t\t<div class=\"wd-info-box text-left box-icon-align-top box-style-base color-scheme-\">\n\t\t\t\t\t\t\t\t\t<div class=\"box-icon-wrapper  box-with-icon box-icon-simple\">\n\t\t\t\t\t\t<div class=\"info-box-icon\">\n\t\t\t\t\t\t\t\t\t\t\t\t\t\t\t<div class=\"info-svg-wrapper\" style=\"width:40px; height:40px;\"><img loading=\"lazy\" decoding=\"async\"  src=\"https:\/\/corest-bike.com\/wp-content\/uploads\/2025\/02\/forest-1.svg\" title=\"forest 1\" width=\"40\" height=\"40\"><\/div>\t\t\t\t\t\t\t\t\t\t\t\t\t<\/div>\n\t\t\t\t\t<\/div>\n\t\t\t\t\n\t\t\t\t<div class=\"info-box-content\">\n\t\t\t\t\t\n\t\t\t\t\t\t\t\t\t\t\t<h4\t\t\t\t\t\tclass=\"info-box-title title box-title-style-default wd-fontsize-m\" data-elementor-setting-key=\"title\">\n\t\t\t\t\t\t\t\tRoad performance\t\t\t\t\t\t<\/h4>\n\t\t\t\t\t\n\t\t\t\t\t<div class=\"info-box-inner reset-last-child\"data-elementor-setting-key=\"content\"><p>lightweight and fast bicycles designed for sports and long-distance rides.<\/p>\n<\/div>\n\n\t\t\t\t\t\t\t\t\t<\/div>\n\n\t\t\t\t\t\t\t<\/div>\n\t\t<\/div>\n\t\t\t\t\t\t<\/div>\n\t\t\t\t<\/div>\n\t\t\t\t<div class=\"elementor-element elementor-element-12cdd9a1 elementor-widget elementor-widget-wd_infobox\" data-id=\"12cdd9a1\" data-element_type=\"widget\" data-widget_type=\"wd_infobox.default\">\n\t\t\t\t<div class=\"elementor-widget-container\">\n\t\t\t\t\t\t\t<div class=\"info-box-wrapper\">\n\t\t\t<div class=\"wd-info-box text-left box-icon-align-top box-style-base color-scheme-\">\n\t\t\t\t\t\t\t\t\t<div class=\"box-icon-wrapper  box-with-icon box-icon-simple\">\n\t\t\t\t\t\t<div class=\"info-box-icon\">\n\t\t\t\t\t\t\t\t\t\t\t\t\t\t\t<div class=\"info-svg-wrapper\" style=\"width:40px; height:40px;\"><img loading=\"lazy\" decoding=\"async\"  src=\"https:\/\/corest-bike.com\/wp-content\/uploads\/2025\/02\/landscape-1.svg\" title=\"landscape 1\" width=\"40\" height=\"40\"><\/div>\t\t\t\t\t\t\t\t\t\t\t\t\t<\/div>\n\t\t\t\t\t<\/div>\n\t\t\t\t\n\t\t\t\t<div class=\"info-box-content\">\n\t\t\t\t\t\n\t\t\t\t\t\t\t\t\t\t\t<h4\t\t\t\t\t\tclass=\"info-box-title title box-title-style-default wd-fontsize-m\" data-elementor-setting-key=\"title\">\n\t\t\t\t\t\t\t\tOff-road adventure\t\t\t\t\t\t<\/h4>\n\t\t\t\t\t\n\t\t\t\t\t<div class=\"info-box-inner reset-last-child\"data-elementor-setting-key=\"content\"><p>strong and durable bikes for extreme off-road challenges.<\/p>\n<\/div>\n\n\t\t\t\t\t\t\t\t\t<\/div>\n\n\t\t\t\t\t\t\t<\/div>\n\t\t<\/div>\n\t\t\t\t\t\t<\/div>\n\t\t\t\t<\/div>\n\t\t\t\t<div class=\"elementor-element elementor-element-74dfc7d elementor-widget elementor-widget-wd_infobox\" data-id=\"74dfc7d\" data-element_type=\"widget\" data-widget_type=\"wd_infobox.default\">\n\t\t\t\t<div class=\"elementor-widget-container\">\n\t\t\t\t\t\t\t<div class=\"info-box-wrapper\">\n\t\t\t<div class=\"wd-info-box text-left box-icon-align-top box-style-base color-scheme-\">\n\t\t\t\t\t\t\t\t\t<div class=\"box-icon-wrapper  box-with-icon box-icon-simple\">\n\t\t\t\t\t\t<div class=\"info-box-icon\">\n\t\t\t\t\t\t\t\t\t\t\t\t\t\t\t<div class=\"info-svg-wrapper\" style=\"width:40px; height:40px;\"><img loading=\"lazy\" decoding=\"async\"  src=\"https:\/\/corest-bike.com\/wp-content\/uploads\/2025\/02\/electric-bicycle-1.svg\" title=\"electric-bicycle 1\" width=\"40\" height=\"40\"><\/div>\t\t\t\t\t\t\t\t\t\t\t\t\t<\/div>\n\t\t\t\t\t<\/div>\n\t\t\t\t\n\t\t\t\t<div class=\"info-box-content\">\n\t\t\t\t\t\n\t\t\t\t\t\t\t\t\t\t\t<h4\t\t\t\t\t\tclass=\"info-box-title title box-title-style-default wd-fontsize-m\" data-elementor-setting-key=\"title\">\n\t\t\t\t\t\t\t\tElectric mobility\t\t\t\t\t\t<\/h4>\n\t\t\t\t\t\n\t\t\t\t\t<div class=\"info-box-inner reset-last-child\"data-elementor-setting-key=\"content\"><p>innovative e-bikes for those seeking more freedom and speed.<\/p>\n<\/div>\n\n\t\t\t\t\t\t\t\t\t<\/div>\n\n\t\t\t\t\t\t\t<\/div>\n\t\t<\/div>\n\t\t\t\t\t\t<\/div>\n\t\t\t\t<\/div>\n\t\t\t\t<\/div>\n\t\t\t\t<div class=\"elementor-element elementor-element-0f6a5ec elementor-widget elementor-widget-wd_text_block\" data-id=\"0f6a5ec\" data-element_type=\"widget\" data-widget_type=\"wd_text_block.default\">\n\t\t\t\t<div class=\"elementor-widget-container\">\n\t\t\t\t\t\t\t<div class=\"wd-text-block reset-last-child text-left\">\n\t\t\t\n\t\t\t<p>More bicycle models \u2013 coming soon!<\/p>\n\t\t\t\t\t<\/div>\n\t\t\t\t\t\t<\/div>\n\t\t\t\t<\/div>\n\t\t\t\t<\/div>\n\t\t\t\t<\/div>\n\t\t<div class=\"wd-negative-gap elementor-element elementor-element-d3d1ec2 wd-section-stretch e-flex e-con-boxed e-con e-parent\" data-id=\"d3d1ec2\" data-element_type=\"container\" data-settings=\"{&quot;background_background&quot;:&quot;classic&quot;}\">\n\t\t\t\t\t<div class=\"e-con-inner\">\n\t\t\t\t<div class=\"elementor-element elementor-element-e1ee823 elementor-widget elementor-widget-wd_text_block\" data-id=\"e1ee823\" data-element_type=\"widget\" data-widget_type=\"wd_text_block.default\">\n\t\t\t\t<div class=\"elementor-widget-container\">\n\t\t\t\t\t\t\t<div class=\"wd-text-block reset-last-child text-left\">\n\t\t\t\n\t\t\t<p>\"Bicycle manufacturing has never been just a business in our family. It has been our way of creating freedom, discovery, and connection with the world. We created COREST for those who ride not only on the road but through life itself.\"<\/p><p>- Andreas Schminke<\/p>\n\t\t\t\t\t<\/div>\n\t\t\t\t\t\t<\/div>\n\t\t\t\t<\/div>\n\t\t\t\t\t<\/div>\n\t\t\t\t<\/div>\n\t\t\t\t<\/div>","protected":false},"excerpt":{"rendered":"<p>75 met\u0173 patirtis dvira\u010di\u0173 srityje Andreas Schminke Schminke pavard\u0117 Vokietijoje yra tapusi dvira\u010di\u0173 sinonimu. Trij\u0173 kart\u0173 istorija \u2013 senelis, s\u016bn\u016bs<\/p>","protected":false},"author":1,"featured_media":0,"parent":0,"menu_order":0,"comment_status":"closed","ping_status":"closed","template":"","meta":{"footnotes":""},"class_list":["post-4400","page","type-page","status-publish","hentry"],"_links":{"self":[{"href":"https:\/\/corest-bike.com\/en\/wp-json\/wp\/v2\/pages\/4400","targetHints":{"allow":["GET"]}}],"collection":[{"href":"https:\/\/corest-bike.com\/en\/wp-json\/wp\/v2\/pages"}],"about":[{"href":"https:\/\/corest-bike.com\/en\/wp-json\/wp\/v2\/types\/page"}],"author":[{"embeddable":true,"href":"https:\/\/corest-bike.com\/en\/wp-json\/wp\/v2\/users\/1"}],"replies":[{"embeddable":true,"href":"https:\/\/corest-bike.com\/en\/wp-json\/wp\/v2\/comments?post=4400"}],"version-history":[{"count":115,"href":"https:\/\/corest-bike.com\/en\/wp-json\/wp\/v2\/pages\/4400\/revisions"}],"predecessor-version":[{"id":16941,"href":"https:\/\/corest-bike.com\/en\/wp-json\/wp\/v2\/pages\/4400\/revisions\/16941"}],"wp:attachment":[{"href":"https:\/\/corest-bike.com\/en\/wp-json\/wp\/v2\/media?parent=4400"}],"curies":[{"name":"wp","href":"https:\/\/api.w.org\/{rel}","templated":true}]}}